{"id":139,"date":"2025-04-26T18:34:34","date_gmt":"2025-04-26T16:34:34","guid":{"rendered":"https:\/\/vertsesreves.fr\/?page_id=139"},"modified":"2026-02-28T19:56:36","modified_gmt":"2026-02-28T18:56:36","slug":"qui-suis-je","status":"publish","type":"page","link":"https:\/\/vertsesreves.fr\/?page_id=139","title":{"rendered":"Coaching"},"content":{"rendered":"\n<p class=\"wp-block-paragraph\"><\/p>\n\n\n\n<p class=\"wp-block-paragraph\">Le coaching, c\u2019est avant tout un moment pour toi. Un espace o\u00f9 tu peux d\u00e9poser ce que tu vis, clarifier ce que tu veux vraiment et avancer avec plus de confiance. C\u2019est un accompagnement doux mais structurant, qui t\u2019aide \u00e0 mieux te comprendre, \u00e0 d\u00e9passer ce qui te freine et \u00e0 te reconnecter \u00e0 tes propres ressources.<\/p>\n\n\n\n<p class=\"wp-block-paragraph\">En tant que coach, je ne suis pas l\u00e0 pour te dire quoi faire. Je suis l\u00e0 pour t\u2019\u00e9couter, te poser les bonnes questions, mettre en lumi\u00e8re ce que tu ne vois pas toujours et t\u2019accompagner pas \u00e0 pas vers ce qui fait sens pour toi. On avance ensemble, \u00e0 ton rythme, dans un climat de confiance et de bienveillance.<\/p>\n\n\n\n<p class=\"wp-block-paragraph\">Le coaching n\u2019est ni une th\u00e9rapie ni une s\u00e9rie de conseils : c\u2019est un chemin partag\u00e9, orient\u00e9 vers l\u2019action et la transformation. Une d\u00e9marche qui te permet de prendre du recul, de gagner en clart\u00e9 et d\u2019oser poser des choix plus align\u00e9s avec qui tu es.<\/p>\n\n\n\n<p class=\"wp-block-paragraph\">Au fond, le coaching, c\u2019est t\u2019offrir un espace o\u00f9 tu peux respirer, te recentrer et cr\u00e9er le changement que tu souhaites, avec quelqu\u2019un \u00e0 tes c\u00f4t\u00e9s pour t\u2019\u00e9pauler et te soutenir.<\/p>\n\n\n\n<p class=\"wp-block-paragraph\"><\/p>\n\n\n\n<figure class=\"wp-block-image aligncenter size-large is-resized has-custom-border is-style-rounded wp-duotone-unset-1\"><img decoding=\"async\" src=\"https:\/\/vertsesreves.wordpress.com\/wp-content\/uploads\/2025\/04\/img_20250202_153424_381.jpg?w=768\" alt=\"\" class=\"wp-image-140\" style=\"border-radius:200px;width:376px;height:auto\"\/><\/figure>\n","protected":false},"excerpt":{"rendered":"<p>Le coaching, c\u2019est avant tout un moment pour toi. Un espace o\u00f9 tu peux d\u00e9poser ce que tu vis, clarifier ce que tu veux vraiment et avancer avec plus de confiance. C\u2019est un accompagnement doux mais structurant, qui t\u2019aide \u00e0 mieux te comprendre, \u00e0 d\u00e9passer ce qui te freine et \u00e0 te reconnecter \u00e0 tes [&hellip;]<\/p>\n","protected":false},"author":3,"featured_media":0,"parent":0,"menu_order":0,"comment_status":"closed","ping_status":"closed","template":"","meta":{"_crdt_document":"","footnotes":""},"class_list":["post-139","page","type-page","status-publish","hentry"],"jetpack_sharing_enabled":true,"_links":{"self":[{"href":"https:\/\/vertsesreves.fr\/index.php?rest_route=\/wp\/v2\/pages\/139","targetHints":{"allow":["GET"]}}],"collection":[{"href":"https:\/\/vertsesreves.fr\/index.php?rest_route=\/wp\/v2\/pages"}],"about":[{"href":"https:\/\/vertsesreves.fr\/index.php?rest_route=\/wp\/v2\/types\/page"}],"author":[{"embeddable":true,"href":"https:\/\/vertsesreves.fr\/index.php?rest_route=\/wp\/v2\/users\/3"}],"replies":[{"embeddable":true,"href":"https:\/\/vertsesreves.fr\/index.php?rest_route=%2Fwp%2Fv2%2Fcomments&post=139"}],"version-history":[{"count":3,"href":"https:\/\/vertsesreves.fr\/index.php?rest_route=\/wp\/v2\/pages\/139\/revisions"}],"predecessor-version":[{"id":607,"href":"https:\/\/vertsesreves.fr\/index.php?rest_route=\/wp\/v2\/pages\/139\/revisions\/607"}],"wp:attachment":[{"href":"https:\/\/vertsesreves.fr\/index.php?rest_route=%2Fwp%2Fv2%2Fmedia&parent=139"}],"curies":[{"name":"wp","href":"https:\/\/api.w.org\/{rel}","templated":true}]}}