{"id":405,"date":"2025-12-21T13:09:53","date_gmt":"2025-12-21T12:09:53","guid":{"rendered":"https:\/\/vertsesreves.fr\/?page_id=405"},"modified":"2026-02-28T19:27:12","modified_gmt":"2026-02-28T18:27:12","slug":"atelier-se-liberer-du-passe","status":"publish","type":"page","link":"https:\/\/vertsesreves.fr\/?page_id=405","title":{"rendered":"Ateliers se lib\u00e9rer du pass\u00e9"},"content":{"rendered":"\n<p class=\"wp-block-paragraph\"><\/p>\n\n\n\n<p class=\"wp-block-paragraph\"><\/p>\n\n\n\n<h3 class=\"wp-block-heading\">\ud83c\udf38 Lib\u00e9rez votre pass\u00e9, retrouvez votre flow :<\/h3>\n\n\n\n<p class=\"wp-block-paragraph\">Vous avez l\u2019impression qu\u2019une part de vous est rest\u00e9e attach\u00e9e \u00e0 une histoire pass\u00e9e ? Qu\u2019une \u00e9motion non r\u00e9solue continue de vous freiner, m\u00eame apr\u00e8s avoir tourn\u00e9 la page ?<br>Cet atelier vous accompagne pour <strong>rel\u00e2cher ce qui vous alourdit<\/strong> et retrouver votre <strong>flow naturel et votre libert\u00e9 int\u00e9rieure<\/strong>.<\/p>\n\n\n\n<p class=\"wp-block-paragraph\">\ud83e\udded <strong>D\u00e9roul\u00e9 de l\u2019atelier :<\/strong><\/p>\n\n\n\n<ul class=\"wp-block-list\">\n<li>\ud83c\udfa8 <strong>Cr\u00e9ation inspirante<\/strong> : clarifiez ce que vous souhaitez vraiment dans votre vie.<\/li>\n\n\n\n<li>\ud83c\udfad <strong>Jeux de r\u00f4le<\/strong> : transformez vos anciennes dynamiques relationnelles.<\/li>\n\n\n\n<li>\ud83e\uddd8\u200d\u2640\ufe0f <strong>Partage et introspection<\/strong> : reconnectez-vous profond\u00e9ment \u00e0 vous-m\u00eame.<\/li>\n<\/ul>\n\n\n\n<p class=\"wp-block-paragraph\">Un format <strong>vivant, ludique et puissant<\/strong>, con\u00e7u pour faire circuler votre \u00e9nergie, reprendre votre espace int\u00e9rieur et ouvrir la voie \u00e0 une version de vous-m\u00eame <strong>plus align\u00e9e et vibrante<\/strong>.<\/p>\n\n\n\n<p class=\"wp-block-paragraph\">\u23f1\ufe0f <strong>Dur\u00e9e de l\u2019atelier : <\/strong>4 sessions de 3h en collectif (4 \u00e0 6 personnes)<\/p>\n\n\n\n<p class=\"wp-block-paragraph\"><\/p>\n\n\n\n<h3 class=\"wp-block-heading\">\ud83c\udf0d Odyss\u00e9e int\u00e9rieure : Et si c&rsquo;\u00e9tait enfin le moment d&rsquo;oser votre vraie vie ?<\/h3>\n\n\n\n<p class=\"wp-block-paragraph\">Vous sentez cet appel int\u00e9rieur, celui qui murmure qu\u2019il est temps d\u2019aller vers ce qui vous fait r\u00e9ellement vibrer ? D\u00e9passer vos blocages, briser les sch\u00e9mas qui vous freinent, sortir de votre cocon pour passer \u2014 enfin \u2014 \u00e0 l\u2019action ?<\/p>\n\n\n\n<p class=\"wp-block-paragraph\">\u00c0 travers des outils concrets, des exercices puissants et un cadre motivant, vous repartirez align\u00e9(e), reboost\u00e9(e) et pr\u00eat(e) \u00e0 mettre votre \u00e9nergie au service de ce qui compte vraiment pour vous.<\/p>\n\n\n\n<p class=\"wp-block-paragraph\">\ud83e\udded <strong>D\u00e9roul\u00e9 de l\u2019atelier :<\/strong><\/p>\n\n\n\n<ul class=\"wp-block-list\">\n<li>Clarifier vos v\u00e9ritables objectifs de vie<\/li>\n\n\n\n<li>Comprendre ce qui vous retient<\/li>\n\n\n\n<li>Activer l\u2019\u00e9lan qui vous manquait pour avancer avec confiance<\/li>\n<\/ul>\n\n\n\n<p class=\"wp-block-paragraph\">\u23f1\ufe0f<strong> Dur\u00e9e de l\u2019atelier : <\/strong>4 sessions de 3h en collectif (4 \u00e0 6 personnes)<\/p>\n\n\n\n<p class=\"wp-block-paragraph\"><\/p>\n\n\n\n<p class=\"wp-block-paragraph\"><strong><mark style=\"background-color:rgba(0, 0, 0, 0)\" class=\"has-inline-color has-secondary-color\">Autres ateliers :<\/mark><\/strong><br>Consultez mes r\u00e9seaux sociaux<\/p>\n\n\n\n<ul class=\"wp-block-social-links is-style-pill-shape is-layout-flex wp-block-social-links-is-layout-flex\"><li class=\"wp-social-link wp-social-link-facebook  wp-block-social-link\"><a href=\"https:\/\/www.facebook.com\/share\/1CdnUchqzh\/\" class=\"wp-block-social-link-anchor\"><svg width=\"24\" height=\"24\" viewBox=\"0 0 24 24\" version=\"1.1\" xmlns=\"http:\/\/www.w3.org\/2000\/svg\" aria-hidden=\"true\" focusable=\"false\"><path d=\"M12 2C6.5 2 2 6.5 2 12c0 5 3.7 9.1 8.4 9.9v-7H7.9V12h2.5V9.8c0-2.5 1.5-3.9 3.8-3.9 1.1 0 2.2.2 2.2.2v2.5h-1.3c-1.2 0-1.6.8-1.6 1.6V12h2.8l-.4 2.9h-2.3v7C18.3 21.1 22 17 22 12c0-5.5-4.5-10-10-10z\"><\/path><\/svg><span class=\"wp-block-social-link-label screen-reader-text\">Facebook<\/span><\/a><\/li>\n\n<li class=\"wp-social-link wp-social-link-instagram  wp-block-social-link\"><a href=\"https:\/\/www.instagram.com\/vertsesreves?igsh=MWhtMnF1NDg1a24xdw==\" class=\"wp-block-social-link-anchor\"><svg width=\"24\" height=\"24\" viewBox=\"0 0 24 24\" version=\"1.1\" xmlns=\"http:\/\/www.w3.org\/2000\/svg\" aria-hidden=\"true\" focusable=\"false\"><path d=\"M12,4.622c2.403,0,2.688,0.009,3.637,0.052c0.877,0.04,1.354,0.187,1.671,0.31c0.42,0.163,0.72,0.358,1.035,0.673 c0.315,0.315,0.51,0.615,0.673,1.035c0.123,0.317,0.27,0.794,0.31,1.671c0.043,0.949,0.052,1.234,0.052,3.637 s-0.009,2.688-0.052,3.637c-0.04,0.877-0.187,1.354-0.31,1.671c-0.163,0.42-0.358,0.72-0.673,1.035 c-0.315,0.315-0.615,0.51-1.035,0.673c-0.317,0.123-0.794,0.27-1.671,0.31c-0.949,0.043-1.233,0.052-3.637,0.052 s-2.688-0.009-3.637-0.052c-0.877-0.04-1.354-0.187-1.671-0.31c-0.42-0.163-0.72-0.358-1.035-0.673 c-0.315-0.315-0.51-0.615-0.673-1.035c-0.123-0.317-0.27-0.794-0.31-1.671C4.631,14.688,4.622,14.403,4.622,12 s0.009-2.688,0.052-3.637c0.04-0.877,0.187-1.354,0.31-1.671c0.163-0.42,0.358-0.72,0.673-1.035 c0.315-0.315,0.615-0.51,1.035-0.673c0.317-0.123,0.794-0.27,1.671-0.31C9.312,4.631,9.597,4.622,12,4.622 M12,3 C9.556,3,9.249,3.01,8.289,3.054C7.331,3.098,6.677,3.25,6.105,3.472C5.513,3.702,5.011,4.01,4.511,4.511 c-0.5,0.5-0.808,1.002-1.038,1.594C3.25,6.677,3.098,7.331,3.054,8.289C3.01,9.249,3,9.556,3,12c0,2.444,0.01,2.751,0.054,3.711 c0.044,0.958,0.196,1.612,0.418,2.185c0.23,0.592,0.538,1.094,1.038,1.594c0.5,0.5,1.002,0.808,1.594,1.038 c0.572,0.222,1.227,0.375,2.185,0.418C9.249,20.99,9.556,21,12,21s2.751-0.01,3.711-0.054c0.958-0.044,1.612-0.196,2.185-0.418 c0.592-0.23,1.094-0.538,1.594-1.038c0.5-0.5,0.808-1.002,1.038-1.594c0.222-0.572,0.375-1.227,0.418-2.185 C20.99,14.751,21,14.444,21,12s-0.01-2.751-0.054-3.711c-0.044-0.958-0.196-1.612-0.418-2.185c-0.23-0.592-0.538-1.094-1.038-1.594 c-0.5-0.5-1.002-0.808-1.594-1.038c-0.572-0.222-1.227-0.375-2.185-0.418C14.751,3.01,14.444,3,12,3L12,3z M12,7.378 c-2.552,0-4.622,2.069-4.622,4.622S9.448,16.622,12,16.622s4.622-2.069,4.622-4.622S14.552,7.378,12,7.378z M12,15 c-1.657,0-3-1.343-3-3s1.343-3,3-3s3,1.343,3,3S13.657,15,12,15z M16.804,6.116c-0.596,0-1.08,0.484-1.08,1.08 s0.484,1.08,1.08,1.08c0.596,0,1.08-0.484,1.08-1.08S17.401,6.116,16.804,6.116z\"><\/path><\/svg><span class=\"wp-block-social-link-label screen-reader-text\">Instagram<\/span><\/a><\/li><\/ul>\n","protected":false},"excerpt":{"rendered":"<p>\ud83c\udf38 Lib\u00e9rez votre pass\u00e9, retrouvez votre flow : Vous avez l\u2019impression qu\u2019une part de vous est rest\u00e9e attach\u00e9e \u00e0 une histoire pass\u00e9e ? Qu\u2019une \u00e9motion non r\u00e9solue continue de vous freiner, m\u00eame apr\u00e8s avoir tourn\u00e9 la page ?Cet atelier vous accompagne pour rel\u00e2cher ce qui vous alourdit et retrouver votre flow naturel et votre libert\u00e9 [&hellip;]<\/p>\n","protected":false},"author":2,"featured_media":0,"parent":0,"menu_order":0,"comment_status":"closed","ping_status":"open","template":"","meta":{"_crdt_document":"","footnotes":""},"class_list":["post-405","page","type-page","status-publish","hentry"],"jetpack_sharing_enabled":true,"_links":{"self":[{"href":"https:\/\/vertsesreves.fr\/index.php?rest_route=\/wp\/v2\/pages\/405","targetHints":{"allow":["GET"]}}],"collection":[{"href":"https:\/\/vertsesreves.fr\/index.php?rest_route=\/wp\/v2\/pages"}],"about":[{"href":"https:\/\/vertsesreves.fr\/index.php?rest_route=\/wp\/v2\/types\/page"}],"author":[{"embeddable":true,"href":"https:\/\/vertsesreves.fr\/index.php?rest_route=\/wp\/v2\/users\/2"}],"replies":[{"embeddable":true,"href":"https:\/\/vertsesreves.fr\/index.php?rest_route=%2Fwp%2Fv2%2Fcomments&post=405"}],"version-history":[{"count":3,"href":"https:\/\/vertsesreves.fr\/index.php?rest_route=\/wp\/v2\/pages\/405\/revisions"}],"predecessor-version":[{"id":597,"href":"https:\/\/vertsesreves.fr\/index.php?rest_route=\/wp\/v2\/pages\/405\/revisions\/597"}],"wp:attachment":[{"href":"https:\/\/vertsesreves.fr\/index.php?rest_route=%2Fwp%2Fv2%2Fmedia&parent=405"}],"curies":[{"name":"wp","href":"https:\/\/api.w.org\/{rel}","templated":true}]}}